{"id":6241,"date":"2025-02-06T10:03:13","date_gmt":"2025-02-06T09:03:13","guid":{"rendered":"https:\/\/dev.uxp-corp.com\/news-events\/"},"modified":"2025-03-05T14:50:04","modified_gmt":"2025-03-05T13:50:04","slug":"news-events","status":"publish","type":"page","link":"https:\/\/uxp-corp.com\/en\/news-events\/","title":{"rendered":"News &amp; Events"},"content":{"rendered":"\t\t<div data-elementor-type=\"wp-page\" data-elementor-id=\"6241\" class=\"elementor elementor-6241 elementor-689\">\n\t\t\t\t<div class=\"elementor-element elementor-element-ffdd89d e-con-full bg-header-degrade e-flex e-con e-parent\" data-id=\"ffdd89d\" data-element_type=\"container\" data-e-type=\"container\" data-settings=\"{&quot;jet_parallax_layout_list&quot;:[]}\">\n\t\t<div class=\"elementor-element elementor-element-9ff8d04 e-flex e-con-boxed e-con e-child\" data-id=\"9ff8d04\" data-element_type=\"container\" data-e-type=\"container\" data-settings=\"{&quot;jet_parallax_layout_list&quot;:[]}\">\n\t\t\t\t\t<div class=\"e-con-inner\">\n\t\t<div class=\"elementor-element elementor-element-599f207 e-con-full e-flex e-con e-child\" data-id=\"599f207\" data-element_type=\"container\" data-e-type=\"container\" data-settings=\"{&quot;jet_parallax_layout_list&quot;:[]}\">\n\t\t\t\t<div class=\"elementor-element elementor-element-e504d04 text-gradient-white elementor-widget elementor-widget-heading\" data-id=\"e504d04\" data-element_type=\"widget\" data-e-type=\"widget\" data-widget_type=\"heading.default\">\n\t\t\t\t\t<h1 class=\"elementor-heading-title elementor-size-default\">Our news and blog<\/h1>\t\t\t\t<\/div>\n\t\t\t\t<\/div>\n\t\t<div class=\"elementor-element elementor-element-fbfd2e8 e-con-full e-flex e-con e-child\" data-id=\"fbfd2e8\" data-element_type=\"container\" data-e-type=\"container\" data-settings=\"{&quot;jet_parallax_layout_list&quot;:[],&quot;background_background&quot;:&quot;classic&quot;}\">\n\t\t\t\t<\/div>\n\t\t\t\t\t<\/div>\n\t\t\t\t<\/div>\n\t\t\t\t<div class=\"elementor-element elementor-element-b2397da jet-breadcrumbs-align-center elementor-absolute elementor-widget elementor-widget-jet-breadcrumbs\" data-id=\"b2397da\" data-element_type=\"widget\" data-e-type=\"widget\" data-settings=\"{&quot;_position&quot;:&quot;absolute&quot;}\" data-widget_type=\"jet-breadcrumbs.default\">\n\t\t\t\t<div class=\"elementor-widget-container\">\n\t\t\t\t\t<div class=\"elementor-jet-breadcrumbs jet-blocks\">\n\t\t<div class=\"jet-breadcrumbs\">\n\t\t<div class=\"jet-breadcrumbs__content\">\n\t\t<div class=\"jet-breadcrumbs__wrap\"><div class=\"jet-breadcrumbs__item\"><a href=\"https:\/\/uxp-corp.com\/en\/\" class=\"jet-breadcrumbs__item-link is-home\" rel=\"home\" title=\"UXP Corp\">UXP Corp<\/a><\/div>\n\t\t<\/div>\n\t\t<\/div>\n\t\t<\/div><\/div>\t\t\t\t<\/div>\n\t\t\t\t<\/div>\n\t\t\t\t<\/div>\n\t\t<div class=\"elementor-element elementor-element-f8280e0 e-flex e-con-boxed e-con e-parent\" data-id=\"f8280e0\" data-element_type=\"container\" data-e-type=\"container\" data-settings=\"{&quot;jet_parallax_layout_list&quot;:[]}\">\n\t\t\t\t\t<div class=\"e-con-inner\">\n\t\t\t\t<div class=\"elementor-element elementor-element-28c5554 elementor-widget elementor-widget-jet-listing-grid\" data-id=\"28c5554\" data-element_type=\"widget\" data-e-type=\"widget\" data-settings=\"{&quot;columns&quot;:&quot;6&quot;}\" data-widget_type=\"jet-listing-grid.default\">\n\t\t\t\t\t<div class=\"jet-listing-grid jet-listing\"><div class=\"jet-listing-grid__items grid-col-desk-6 grid-col-tablet-6 grid-col-mobile-6 jet-listing-grid--6204\" data-queried-id=\"6241|WP_Post\" data-nav=\"{&quot;enabled&quot;:false,&quot;type&quot;:null,&quot;more_el&quot;:null,&quot;query&quot;:[],&quot;widget_settings&quot;:{&quot;lisitng_id&quot;:6204,&quot;posts_num&quot;:6,&quot;columns&quot;:6,&quot;columns_tablet&quot;:6,&quot;columns_mobile&quot;:6,&quot;column_min_width&quot;:240,&quot;column_min_width_tablet&quot;:240,&quot;column_min_width_mobile&quot;:240,&quot;inline_columns_css&quot;:false,&quot;is_archive_template&quot;:&quot;&quot;,&quot;post_status&quot;:[&quot;publish&quot;],&quot;use_random_posts_num&quot;:&quot;&quot;,&quot;max_posts_num&quot;:9,&quot;not_found_message&quot;:&quot;No data was found&quot;,&quot;is_masonry&quot;:false,&quot;equal_columns_height&quot;:&quot;&quot;,&quot;use_load_more&quot;:&quot;&quot;,&quot;load_more_id&quot;:&quot;&quot;,&quot;load_more_type&quot;:&quot;click&quot;,&quot;load_more_offset&quot;:null,&quot;use_custom_post_types&quot;:&quot;&quot;,&quot;custom_post_types&quot;:[],&quot;hide_widget_if&quot;:&quot;&quot;,&quot;carousel_enabled&quot;:&quot;&quot;,&quot;slides_to_scroll&quot;:&quot;1&quot;,&quot;arrows&quot;:&quot;true&quot;,&quot;arrow_icon&quot;:&quot;fa fa-angle-left&quot;,&quot;dots&quot;:&quot;&quot;,&quot;autoplay&quot;:&quot;true&quot;,&quot;pause_on_hover&quot;:&quot;true&quot;,&quot;autoplay_speed&quot;:5000,&quot;infinite&quot;:&quot;true&quot;,&quot;center_mode&quot;:&quot;&quot;,&quot;effect&quot;:&quot;slide&quot;,&quot;speed&quot;:500,&quot;inject_alternative_items&quot;:&quot;&quot;,&quot;injection_items&quot;:[],&quot;scroll_slider_enabled&quot;:&quot;&quot;,&quot;scroll_slider_on&quot;:[&quot;desktop&quot;,&quot;tablet&quot;,&quot;mobile&quot;],&quot;custom_query&quot;:false,&quot;custom_query_id&quot;:&quot;&quot;,&quot;_element_id&quot;:&quot;&quot;,&quot;collapse_first_last_gap&quot;:false,&quot;list_tag_selection&quot;:&quot;&quot;,&quot;list_items_wrapper_tag&quot;:&quot;div&quot;,&quot;list_item_tag&quot;:&quot;div&quot;,&quot;empty_items_wrapper_tag&quot;:&quot;div&quot;}}\" data-page=\"1\" data-pages=\"1\" data-listing-source=\"terms\" data-listing-id=\"6204\" data-query-id=\"\"><div class=\"jet-listing-grid__item jet-listing-dynamic-post-67\" data-post-id=\"67\"  >\t\t<div data-elementor-type=\"jet-listing-items\" data-elementor-id=\"6204\" class=\"elementor elementor-6204\">\n\t\t\t\t<div class=\"elementor-element elementor-element-029d124 e-flex e-con-boxed e-con e-parent\" data-id=\"029d124\" data-element_type=\"container\" data-e-type=\"container\" data-settings=\"{&quot;jet_parallax_layout_list&quot;:[]}\">\n\t\t\t\t\t<div class=\"e-con-inner\">\n\t\t\t\t<div class=\"elementor-element elementor-element-99feb5c elementor-widget elementor-widget-jet-listing-dynamic-field\" data-id=\"99feb5c\" data-element_type=\"widget\" data-e-type=\"widget\" data-widget_type=\"jet-listing-dynamic-field.default\">\n\t\t\t\t\t<div class=\"jet-listing jet-listing-dynamic-field display-inline\"><div class=\"jet-listing-dynamic-field__inline-wrap\"><div class=\"jet-listing-dynamic-field__content\" ><a href=\"https:\/\/uxp-corp.com\/en\/category\/mes-software\/\">MES software<\/a><\/div><\/div><\/div>\t\t\t\t<\/div>\n\t\t\t\t\t<\/div>\n\t\t\t\t<\/div>\n\t\t\t\t<\/div>\n\t\t<\/div><div class=\"jet-listing-grid__item jet-listing-dynamic-post-72\" data-post-id=\"72\"  >\t\t<div data-elementor-type=\"jet-listing-items\" data-elementor-id=\"6204\" class=\"elementor elementor-6204\">\n\t\t\t\t<div class=\"elementor-element elementor-element-029d124 e-flex e-con-boxed e-con e-parent\" data-id=\"029d124\" data-element_type=\"container\" data-e-type=\"container\" data-settings=\"{&quot;jet_parallax_layout_list&quot;:[]}\">\n\t\t\t\t\t<div class=\"e-con-inner\">\n\t\t\t\t<div class=\"elementor-element elementor-element-99feb5c elementor-widget elementor-widget-jet-listing-dynamic-field\" data-id=\"99feb5c\" data-element_type=\"widget\" data-e-type=\"widget\" data-widget_type=\"jet-listing-dynamic-field.default\">\n\t\t\t\t\t<div class=\"jet-listing jet-listing-dynamic-field display-inline\"><div class=\"jet-listing-dynamic-field__inline-wrap\"><div class=\"jet-listing-dynamic-field__content\" ><a href=\"https:\/\/uxp-corp.com\/en\/category\/serialization\/\">Serialization<\/a><\/div><\/div><\/div>\t\t\t\t<\/div>\n\t\t\t\t\t<\/div>\n\t\t\t\t<\/div>\n\t\t\t\t<\/div>\n\t\t<\/div><\/div><\/div>\t\t\t\t<\/div>\n\t\t\t\t\t<\/div>\n\t\t\t\t<\/div>\n\t\t<div class=\"elementor-element elementor-element-79e6af6 e-flex e-con-boxed e-con e-parent\" data-id=\"79e6af6\" data-element_type=\"container\" data-e-type=\"container\" data-settings=\"{&quot;jet_parallax_layout_list&quot;:[]}\">\n\t\t\t\t\t<div class=\"e-con-inner\">\n\t\t\t\t<div class=\"elementor-element elementor-element-c76eba1 elementor-widget elementor-widget-jet-listing-grid\" data-id=\"c76eba1\" data-element_type=\"widget\" data-e-type=\"widget\" id=\"listingArticle\" data-settings=\"{&quot;columns&quot;:&quot;2&quot;,&quot;columns_mobile&quot;:&quot;1&quot;}\" data-widget_type=\"jet-listing-grid.default\">\n\t\t\t\t\t<div class=\"jet-listing-grid jet-listing\"><div class=\"jet-listing-grid__items grid-col-desk-2 grid-col-tablet-2 grid-col-mobile-1 jet-listing-grid--181 jet-equal-columns__wrapper\" data-queried-id=\"6241|WP_Post\" data-nav=\"{&quot;enabled&quot;:false,&quot;type&quot;:null,&quot;more_el&quot;:null,&quot;query&quot;:[],&quot;widget_settings&quot;:{&quot;lisitng_id&quot;:181,&quot;posts_num&quot;:8,&quot;columns&quot;:2,&quot;columns_tablet&quot;:2,&quot;columns_mobile&quot;:1,&quot;column_min_width&quot;:240,&quot;column_min_width_tablet&quot;:240,&quot;column_min_width_mobile&quot;:240,&quot;inline_columns_css&quot;:false,&quot;is_archive_template&quot;:&quot;&quot;,&quot;post_status&quot;:[&quot;publish&quot;],&quot;use_random_posts_num&quot;:&quot;&quot;,&quot;max_posts_num&quot;:9,&quot;not_found_message&quot;:&quot;No news found.&quot;,&quot;is_masonry&quot;:false,&quot;equal_columns_height&quot;:&quot;yes&quot;,&quot;use_load_more&quot;:&quot;&quot;,&quot;load_more_id&quot;:&quot;&quot;,&quot;load_more_type&quot;:&quot;click&quot;,&quot;load_more_offset&quot;:null,&quot;use_custom_post_types&quot;:&quot;&quot;,&quot;custom_post_types&quot;:[],&quot;hide_widget_if&quot;:&quot;&quot;,&quot;carousel_enabled&quot;:&quot;&quot;,&quot;slides_to_scroll&quot;:&quot;1&quot;,&quot;arrows&quot;:&quot;true&quot;,&quot;arrow_icon&quot;:&quot;fa fa-angle-left&quot;,&quot;dots&quot;:&quot;&quot;,&quot;autoplay&quot;:&quot;true&quot;,&quot;pause_on_hover&quot;:&quot;true&quot;,&quot;autoplay_speed&quot;:5000,&quot;infinite&quot;:&quot;true&quot;,&quot;center_mode&quot;:&quot;&quot;,&quot;effect&quot;:&quot;slide&quot;,&quot;speed&quot;:500,&quot;inject_alternative_items&quot;:&quot;&quot;,&quot;injection_items&quot;:[],&quot;scroll_slider_enabled&quot;:&quot;&quot;,&quot;scroll_slider_on&quot;:[&quot;desktop&quot;,&quot;tablet&quot;,&quot;mobile&quot;],&quot;custom_query&quot;:false,&quot;custom_query_id&quot;:&quot;&quot;,&quot;_element_id&quot;:&quot;listingArticle&quot;,&quot;collapse_first_last_gap&quot;:false,&quot;list_tag_selection&quot;:&quot;&quot;,&quot;list_items_wrapper_tag&quot;:&quot;div&quot;,&quot;list_item_tag&quot;:&quot;div&quot;,&quot;empty_items_wrapper_tag&quot;:&quot;div&quot;}}\" data-page=\"1\" data-pages=\"1\" data-listing-source=\"posts\" data-listing-id=\"181\" data-query-id=\"\"><div class=\"jet-listing-grid__item jet-listing-dynamic-post-6804 jet-equal-columns\" data-post-id=\"6804\"  >\t\t<div data-elementor-type=\"jet-listing-items\" data-elementor-id=\"6506\" class=\"elementor elementor-6506 elementor-181 elementor-181\">\n\t\t\t\t<div class=\"elementor-element elementor-element-803ad2e e-con-full e-flex e-con e-parent\" data-id=\"803ad2e\" data-element_type=\"container\" data-e-type=\"container\" data-settings=\"{&quot;jet_parallax_layout_list&quot;:[]}\">\n\t\t\t\t<div class=\"elementor-element elementor-element-f32d2ae elementor-widget__width-inherit elementor-widget elementor-widget-jet-listing-dynamic-image\" data-id=\"f32d2ae\" data-element_type=\"widget\" data-e-type=\"widget\" data-widget_type=\"jet-listing-dynamic-image.default\">\n\t\t\t\t\t<div class=\"jet-listing jet-listing-dynamic-image\" ><img fetchpriority=\"high\" decoding=\"async\" width=\"1024\" height=\"497\" src=\"https:\/\/uxp-corp.com\/wp-content\/uploads\/2022\/06\/iStock-664916396-1024x497-1.jpg\" class=\"jet-listing-dynamic-image__img attachment-full size-full wp-post-image\" alt=\"iStock-664916396-1024x497\" srcset=\"https:\/\/uxp-corp.com\/wp-content\/uploads\/2022\/06\/iStock-664916396-1024x497-1.jpg 1024w, https:\/\/uxp-corp.com\/wp-content\/uploads\/2022\/06\/iStock-664916396-1024x497-1-300x146.jpg 300w, https:\/\/uxp-corp.com\/wp-content\/uploads\/2022\/06\/iStock-664916396-1024x497-1-768x373.jpg 768w, https:\/\/uxp-corp.com\/wp-content\/uploads\/2022\/06\/iStock-664916396-1024x497-1-600x291.jpg 600w\" sizes=\"(max-width: 1024px) 100vw, 1024px\" loading=\"eager\" \/><\/div>\t\t\t\t<\/div>\n\t\t<div class=\"elementor-element elementor-element-691b4a7 e-con-full e-flex e-con e-child\" data-id=\"691b4a7\" data-element_type=\"container\" data-e-type=\"container\" data-settings=\"{&quot;background_background&quot;:&quot;classic&quot;,&quot;jet_parallax_layout_list&quot;:[]}\">\n\t\t\t\t<div class=\"elementor-element elementor-element-fb969ee elementor-widget elementor-widget-jet-listing-dynamic-field\" data-id=\"fb969ee\" data-element_type=\"widget\" data-e-type=\"widget\" data-widget_type=\"jet-listing-dynamic-field.default\">\n\t\t\t\t\t<div class=\"jet-listing jet-listing-dynamic-field display-inline\"><div class=\"jet-listing-dynamic-field__inline-wrap\"><div class=\"jet-listing-dynamic-field__content\" >MES Manufacturing execution system<\/div><\/div><\/div>\t\t\t\t<\/div>\n\t\t\t\t<div class=\"elementor-element elementor-element-d42abe2 elementor-widget elementor-widget-jet-listing-dynamic-link\" data-id=\"d42abe2\" data-element_type=\"widget\" data-e-type=\"widget\" data-widget_type=\"jet-listing-dynamic-link.default\">\n\t\t\t\t\t<div class=\"jet-listing jet-listing-dynamic-link\"><a href=\"https:\/\/uxp-corp.com\/en\/mes-software\/mes-manufacturing-execution-system\/\" class=\"jet-listing-dynamic-link__link\"><span class=\"jet-listing-dynamic-link__label\">All info<\/span><\/a><\/div>\t\t\t\t<\/div>\n\t\t\t\t<\/div>\n\t\t\t\t<\/div>\n\t\t\t\t<\/div>\n\t\t<\/div><div class=\"jet-listing-grid__item jet-listing-dynamic-post-6830 jet-equal-columns\" data-post-id=\"6830\"  >\t\t<div data-elementor-type=\"jet-listing-items\" data-elementor-id=\"6506\" class=\"elementor elementor-6506 elementor-181 elementor-181\">\n\t\t\t\t<div class=\"elementor-element elementor-element-803ad2e e-con-full e-flex e-con e-parent\" data-id=\"803ad2e\" data-element_type=\"container\" data-e-type=\"container\" data-settings=\"{&quot;jet_parallax_layout_list&quot;:[]}\">\n\t\t\t\t<div class=\"elementor-element elementor-element-f32d2ae elementor-widget__width-inherit elementor-widget elementor-widget-jet-listing-dynamic-image\" data-id=\"f32d2ae\" data-element_type=\"widget\" data-e-type=\"widget\" data-widget_type=\"jet-listing-dynamic-image.default\">\n\t\t\t\t\t<div class=\"jet-listing jet-listing-dynamic-image\" ><img decoding=\"async\" width=\"1920\" height=\"1280\" src=\"https:\/\/uxp-corp.com\/wp-content\/uploads\/2022\/06\/36-Qu-est-ce-que-le-track-and-trace-dans-lindustrie-pharmaceutique.jpeg\" class=\"jet-listing-dynamic-image__img attachment-full size-full wp-post-image\" alt=\"Concept photo of a woman scanning a bar code with a hand scanner\" srcset=\"https:\/\/uxp-corp.com\/wp-content\/uploads\/2022\/06\/36-Qu-est-ce-que-le-track-and-trace-dans-lindustrie-pharmaceutique.jpeg 1920w, https:\/\/uxp-corp.com\/wp-content\/uploads\/2022\/06\/36-Qu-est-ce-que-le-track-and-trace-dans-lindustrie-pharmaceutique-300x200.jpeg 300w, https:\/\/uxp-corp.com\/wp-content\/uploads\/2022\/06\/36-Qu-est-ce-que-le-track-and-trace-dans-lindustrie-pharmaceutique-1024x683.jpeg 1024w, https:\/\/uxp-corp.com\/wp-content\/uploads\/2022\/06\/36-Qu-est-ce-que-le-track-and-trace-dans-lindustrie-pharmaceutique-768x512.jpeg 768w, https:\/\/uxp-corp.com\/wp-content\/uploads\/2022\/06\/36-Qu-est-ce-que-le-track-and-trace-dans-lindustrie-pharmaceutique-1536x1024.jpeg 1536w, https:\/\/uxp-corp.com\/wp-content\/uploads\/2022\/06\/36-Qu-est-ce-que-le-track-and-trace-dans-lindustrie-pharmaceutique-600x400.jpeg 600w\" sizes=\"(max-width: 1920px) 100vw, 1920px\" loading=\"eager\" \/><\/div>\t\t\t\t<\/div>\n\t\t<div class=\"elementor-element elementor-element-691b4a7 e-con-full e-flex e-con e-child\" data-id=\"691b4a7\" data-element_type=\"container\" data-e-type=\"container\" data-settings=\"{&quot;background_background&quot;:&quot;classic&quot;,&quot;jet_parallax_layout_list&quot;:[]}\">\n\t\t\t\t<div class=\"elementor-element elementor-element-fb969ee elementor-widget elementor-widget-jet-listing-dynamic-field\" data-id=\"fb969ee\" data-element_type=\"widget\" data-e-type=\"widget\" data-widget_type=\"jet-listing-dynamic-field.default\">\n\t\t\t\t\t<div class=\"jet-listing jet-listing-dynamic-field display-inline\"><div class=\"jet-listing-dynamic-field__inline-wrap\"><div class=\"jet-listing-dynamic-field__content\" >What is \"track and trace\" in the pharmaceutical industry?<\/div><\/div><\/div>\t\t\t\t<\/div>\n\t\t\t\t<div class=\"elementor-element elementor-element-d42abe2 elementor-widget elementor-widget-jet-listing-dynamic-link\" data-id=\"d42abe2\" data-element_type=\"widget\" data-e-type=\"widget\" data-widget_type=\"jet-listing-dynamic-link.default\">\n\t\t\t\t\t<div class=\"jet-listing jet-listing-dynamic-link\"><a href=\"https:\/\/uxp-corp.com\/en\/serialization\/what-is-track-and-trace-in-the-pharmaceutical-industry\/\" class=\"jet-listing-dynamic-link__link\"><span class=\"jet-listing-dynamic-link__label\">All info<\/span><\/a><\/div>\t\t\t\t<\/div>\n\t\t\t\t<\/div>\n\t\t\t\t<\/div>\n\t\t\t\t<\/div>\n\t\t<\/div><\/div><\/div>\t\t\t\t<\/div>\n\t\t\t\t\t<\/div>\n\t\t\t\t<\/div>\n\t\t<div class=\"elementor-element elementor-element-fe13e18 e-flex e-con-boxed e-con e-parent\" data-id=\"fe13e18\" data-element_type=\"container\" data-e-type=\"container\" data-settings=\"{&quot;jet_parallax_layout_list&quot;:[]}\">\n\t\t\t\t\t<div class=\"e-con-inner\">\n\t\t\t\t<div class=\"elementor-element elementor-element-e4ebb1d elementor-widget elementor-widget-jet-smart-filters-pagination\" data-id=\"e4ebb1d\" data-element_type=\"widget\" data-e-type=\"widget\" data-widget_type=\"jet-smart-filters-pagination.default\">\n\t\t\t\t<div class=\"elementor-widget-container\">\n\t\t\t\t\t<div\n\t\t\t\tclass=\"jet-smart-filters-pagination jet-filter\"\n\t\t\t\tdata-apply-provider=\"jet-engine\"\n\t\t\t\tdata-content-provider=\"jet-engine\"\n\t\t\t\tdata-query-id=\"listingArticle\"\n\t\t\t\tdata-controls=\"{&quot;items_enabled&quot;:true,&quot;pages_mid_size&quot;:0,&quot;pages_end_size&quot;:0,&quot;nav_enabled&quot;:true,&quot;prev&quot;:&quot;Pr\\u00e9c\\u00e9dent&quot;,&quot;next&quot;:&quot;Suivant&quot;,&quot;hide_inactive_nav&quot;:true,&quot;load_more_enabled&quot;:false,&quot;provider_top_offset&quot;:0}\"\n\t\t\t\tdata-apply-type=\"ajax\"\n\t\t\t><\/div>\t\t\t\t<\/div>\n\t\t\t\t<\/div>\n\t\t\t\t\t<\/div>\n\t\t\t\t<\/div>\n\t\t\t\t<\/div>\n\t\t","protected":false},"excerpt":{"rendered":"<p>Our news and blog UXP Corp Digitalisation Ev\u00e8nements Industrie 4.0 Logiciel MES Recrutement S\u00e9rialisation Courbon Software devient UXP Corp : Une Nouvelle \u00c8re Toutes les infos Connect In Pharma 2023 Toutes les infos Courbon Software vise l&#8217;obtention du Label Num\u00e9rique Responsable niveau 2 Toutes les infos MES Manufacturing execution system Toutes les infos Logiciel de [&hellip;]<\/p>\n","protected":false},"author":1,"featured_media":0,"parent":0,"menu_order":0,"comment_status":"closed","ping_status":"closed","template":"","meta":{"footnotes":""},"class_list":["post-6241","page","type-page","status-publish","hentry"],"_links":{"self":[{"href":"https:\/\/uxp-corp.com\/en\/wp-json\/wp\/v2\/pages\/6241","targetHints":{"allow":["GET"]}}],"collection":[{"href":"https:\/\/uxp-corp.com\/en\/wp-json\/wp\/v2\/pages"}],"about":[{"href":"https:\/\/uxp-corp.com\/en\/wp-json\/wp\/v2\/types\/page"}],"author":[{"embeddable":true,"href":"https:\/\/uxp-corp.com\/en\/wp-json\/wp\/v2\/users\/1"}],"replies":[{"embeddable":true,"href":"https:\/\/uxp-corp.com\/en\/wp-json\/wp\/v2\/comments?post=6241"}],"version-history":[{"count":0,"href":"https:\/\/uxp-corp.com\/en\/wp-json\/wp\/v2\/pages\/6241\/revisions"}],"wp:attachment":[{"href":"https:\/\/uxp-corp.com\/en\/wp-json\/wp\/v2\/media?parent=6241"}],"curies":[{"name":"wp","href":"https:\/\/api.w.org\/{rel}","templated":true}]}}